{"id":5,"date":"2019-09-30T22:52:26","date_gmt":"2019-09-30T20:52:26","guid":{"rendered":"http:\/\/farbengl\u00fcck.de\/?page_id=5"},"modified":"2019-10-19T22:13:23","modified_gmt":"2019-10-19T20:13:23","slug":"datenschutzerklaerung","status":"publish","type":"page","link":"https:\/\/farbengl\u00fcck.de\/?page_id=5","title":{"rendered":"Datenschutzerkl\u00e4rung"},"content":{"rendered":"\t\t<div data-elementor-type=\"wp-page\" data-elementor-id=\"5\" class=\"elementor elementor-5\">\n\t\t\t\t\t\t<section class=\"elementor-section elementor-top-section elementor-element elementor-element-879d488 elementor-section-boxed elementor-section-height-default elementor-section-height-default\" data-id=\"879d488\" data-element_type=\"section\" data-e-type=\"section\">\n\t\t\t\t\t\t<div class=\"elementor-container elementor-column-gap-default\">\n\t\t\t\t\t<div class=\"elementor-column elementor-col-100 elementor-top-column elementor-element elementor-element-6cb0aea\" data-id=\"6cb0aea\" data-element_type=\"column\" data-e-type=\"column\">\n\t\t\t<div class=\"elementor-widget-wrap elementor-element-populated\">\n\t\t\t\t\t\t<div class=\"elementor-element elementor-element-aae1988 elementor-widget elementor-widget-text-editor\" data-id=\"aae1988\" data-element_type=\"widget\" data-e-type=\"widget\" data-widget_type=\"text-editor.default\">\n\t\t\t\t<div class=\"elementor-widget-container\">\n\t\t\t\t\t\t\t\t\t<p><span style=\"text-decoration: underline;\"><strong>1. Datenschutz auf einen Blick<\/strong><\/span><br \/><span style=\"text-decoration: underline;\">Allgemeine Hinweise<\/span><br \/>Die folgenden Hinweise geben einen einfachen \u00dcberblick dar\u00fcber, was mit Ihren personenbezogenen Daten<br \/>passiert, wenn Sie diese Website besuchen. Personenbezogene Daten sind alle Daten, mit denen Sie<br \/>pers\u00f6nlich identifiziert werden k\u00f6nnen. Ausf\u00fchrliche Informationen zum Thema Datenschutz entnehmen<br \/>Sie unserer unter diesem Text aufgef\u00fchrten Datenschutzerkl\u00e4rung.<br \/><span style=\"text-decoration: underline;\">Datenerfassung auf dieser Website<\/span><br \/>Wer ist verantwortlich f\u00fcr die Datenerfassung auf dieser Website?<br \/>Die Datenverarbeitung auf dieser Website erfolgt durch den Websitebetreiber. Dessen Kontaktdaten<br \/>k\u00f6nnen Sie dem Impressum dieser Website entnehmen.<br \/>Wie erfassen wir Ihre Daten?<br \/>Ihre Daten werden zum einen dadurch erhoben, dass Sie uns diese mitteilen. Hierbei kann es sich z. B. um<br \/>Daten handeln, die Sie in ein Kontaktformular eingeben.<br \/>Andere Daten werden automatisch beim Besuch der Website durch unsere IT-Systeme erfasst. Das sind vor<br \/>allem technische Daten (z. B. Internetbrowser, Betriebssystem oder Uhrzeit des Seitenaufrufs). Die<br \/>Erfassung dieser Daten erfolgt automatisch, sobald Sie diese Website betreten.<br \/>Wof\u00fcr nutzen wir Ihre Daten?<br \/>Ein Teil der Daten wird erhoben, um eine fehlerfreie Bereitstellung der Website zu gew\u00e4hrleisten. Andere<br \/>Daten k\u00f6nnen zur Analyse Ihres Nutzerverhaltens verwendet werden.<br \/>Welche Rechte haben Sie bez\u00fcglich Ihrer Daten?<br \/>Sie haben jederzeit das Recht unentgeltlich Auskunft \u00fcber Herkunft, Empf\u00e4nger und Zweck Ihrer<br \/>gespeicherten personenbezogenen Daten zu erhalten. Sie haben au\u00dferdem ein Recht, die Berichtigung oder<br \/>L\u00f6schung dieser Daten zu verlangen. Hierzu sowie zu weiteren Fragen zum Thema Datenschutz k\u00f6nnen Sie<br \/>sich jederzeit unter der im Impressum angegebenen Adresse an uns wenden. Des Weiteren steht Ihnen ein<br \/>Beschwerderecht bei der zust\u00e4ndigen Aufsichtsbeh\u00f6rde zu.<br \/>Au\u00dferdem haben Sie das Recht, unter bestimmten Umst\u00e4nden die Einschr\u00e4nkung der Verarbeitung Ihrer<br \/>personenbezogenen Daten zu verlangen. Details hierzu entnehmen Sie der Datenschutzerkl\u00e4rung unter<br \/>\u201eRecht auf Einschr\u00e4nkung der Verarbeitung\u201c.<br \/><span style=\"text-decoration: underline;\"><strong>2. Hosting<\/strong><\/span><br \/><span style=\"text-decoration: underline;\">Externes Hosting<\/span><br \/>Diese Website wird bei einem externen Dienstleister gehostet (Hoster). Personenbezogenen Daten, die auf<br \/>dieser Website erfasst werden, werden auf den Servern des Hosters gespeichert. Hierbei kann es sich v. a.<br \/>um IP-Adressen, Kontaktanfragen, Meta- und Kommunikationsdaten, Vertragsdaten, Kontaktdaten, Namen,<br \/>Webseitenzugriffe und sonstige Daten, die \u00fcber eine Website generiert werden, handeln.<br \/>Der Einsatz des Hosters erfolgt zum Zwecke der Vertragserf\u00fcllung gegen\u00fcber unseren potenziellen und<br \/>bestehenden Kunden (Art. 6 Abs. 1 lit. b DSGVO) und im Interesse einer sicheren, schnellen und effizienten<br \/>Bereitstellung unseres Online-Angebots durch einen professionellen Anbieter (Art. 6 Abs. 1 lit. f DSGVO).<br \/>Unser Hoster wird Ihre Daten nur insoweit verarbeiten, wie dies zur Erf\u00fcllung seiner Leistungspflichten<br \/>erforderlich ist und unsere Weisungen in Bezug auf diese Daten befolgen.<br \/><strong><span style=\"text-decoration: underline;\">3. Allgemeine Hinweise und Pflichtinformationen<\/span><\/strong><br \/><span style=\"text-decoration: underline;\">Datenschutz<\/span><br \/>Die Betreiber dieser Seiten nehmen den Schutz Ihrer pers\u00f6nlichen Daten sehr ernst. Wir behandeln Ihre<br \/>personenbezogenen Daten vertraulich und entsprechend der gesetzlichen Datenschutzvorschriften sowie<br \/>dieser Datenschutzerkl\u00e4rung.<br \/>Wenn Sie diese Website benutzen, werden verschiedene personenbezogene Daten erhoben.<br \/>Personenbezogene Daten sind Daten, mit denen Sie pers\u00f6nlich identifiziert werden k\u00f6nnen. Die vorliegende<br \/>Datenschutzerkl\u00e4rung erl\u00e4utert, welche Daten wir erheben und wof\u00fcr wir sie nutzen. Sie erl\u00e4utert auch, wie<br \/>und zu welchem Zweck das geschieht.<br \/>Wir weisen darauf hin, dass die Daten\u00fcbertragung im Internet (z. B. bei der Kommunikation per E-Mail)<br \/>Sicherheitsl\u00fccken aufweisen kann. Ein l\u00fcckenloser Schutz der Daten vor dem Zugriff durch Dritte ist nicht<br \/>m\u00f6glich.<br \/><span style=\"text-decoration: underline;\">Hinweis zur verantwortlichen Stelle<\/span><br \/>Die verantwortliche Stelle f\u00fcr die Datenverarbeitung auf dieser Website ist:<br \/>Farbengl\u00fcck<br \/>Daniela Evermann<br \/>Scharenbusch 31<br \/>38104 Braunschweig<br \/>Telefon: 0531-2396080 <br \/>E-Mail: kontakt@farbengl\u00fcck.de<br \/>Verantwortliche Stelle ist die nat\u00fcrliche oder juristische Person, die allein oder gemeinsam mit anderen \u00fcber<br \/>die Zwecke und Mittel der Verarbeitung von personenbezogenen Daten (z. B. Namen, E-Mail-Adressen o. \u00c4.)<br \/>entscheidet.<br \/><span style=\"text-decoration: underline;\"><strong>Widerruf Ihrer Einwilligung zur Datenverarbeitung<\/strong><\/span><br \/>Viele Datenverarbeitungsvorg\u00e4nge sind nur mit Ihrer ausdr\u00fccklichen Einwilligung m\u00f6glich. Sie k\u00f6nnen eine<br \/>bereits erteilte Einwilligung jederzeit widerrufen. Dazu reicht eine formlose Mitteilung per E-Mail an uns.<br \/>Die Rechtm\u00e4\u00dfigkeit der bis zum Widerruf erfolgten Datenverarbeitung bleibt vom Widerruf unber\u00fchrt.<br \/>Widerspruchsrecht gegen die Datenerhebung in besonderen F\u00e4llen sowie gegen<br \/>Direktwerbung (Art. 21 DSGVO)<br \/>WENN DIE DATENVERARBEITUNG AUF GRUNDLAGE VON ART. 6 ABS. 1 LIT. E ODER F DSGVO<br \/>ERFOLGT, HABEN SIE JEDERZEIT DAS RECHT, AUS GR\u00dcNDEN, DIE SICH AUS IHRER BESONDEREN<br \/>SITUATION ERGEBEN, GEGEN DIE VERARBEITUNG IHRER PERSONENBEZOGENEN DATEN<br \/>WIDERSPRUCH EINZULEGEN; DIES GILT AUCH F\u00dcR EIN AUF DIESE BESTIMMUNGEN GEST\u00dcTZTES<br \/>PROFILING. DIE JEWEILIGE RECHTSGRUNDLAGE, AUF DENEN EINE VERARBEITUNG BERUHT,<br \/>ENTNEHMEN SIE DIESER DATENSCHUTZERKL\u00c4RUNG. WENN SIE WIDERSPRUCH EINLEGEN, WERDEN WIR IHRE BETROFFENEN PERSONENBEZOGENEN DATEN NICHT MEHR VERARBEITEN, ES SEI DENN, WIR K\u00d6NNEN ZWINGENDE SCHUTZW\u00dcRDIGE GR\u00dcNDE F\u00dcR DIE VERARBEITUNG<br \/>NACHWEISEN, DIE IHRE INTERESSEN, RECHTE UND FREIHEITEN \u00dcBERWIEGEN ODER DIE<br \/>VERARBEITUNG DIENT DER GELTENDMACHUNG, AUS\u00dcBUNG ODER VERTEIDIGUNG VON<br \/>RECHTSANSPR\u00dcCHEN (WIDERSPRUCH NACH ART. 21 ABS. 1 DSGVO).<br \/>WERDEN IHRE PERSONENBEZOGENEN DATEN VERARBEITET, UM DIREKTWERBUNG ZU BETREIBEN,<br \/>SO HABEN SIE DAS RECHT, JEDERZEIT WIDERSPRUCH GEGEN DIE VERARBEITUNG SIE<br \/>BETREFFENDER PERSONENBEZOGENER DATEN ZUM ZWECKE DERARTIGER WERBUNG<br \/>EINZULEGEN; DIES GILT AUCH F\u00dcR DAS PROFILING, SOWEIT ES MIT SOLCHER DIREKTWERBUNG IN<br \/>VERBINDUNG STEHT. WENN SIE WIDERSPRECHEN, WERDEN IHRE PERSONENBEZOGENEN DATEN<br \/>ANSCHLIESSEND NICHT MEHR ZUM ZWECKE DER DIREKTWERBUNG VERWENDET (WIDERSPRUCH<br \/>NACH ART. 21 ABS. 2 DSGVO).<br \/><span style=\"text-decoration: underline;\">Beschwerderecht bei der zust\u00e4ndigen Aufsichtsbeh\u00f6rde<\/span><br \/>Im Falle von Verst\u00f6\u00dfen gegen die DSGVO steht den Betroffenen ein Beschwerderecht bei einer<br \/>Aufsichtsbeh\u00f6rde, insbesondere in dem Mitgliedstaat ihres gew\u00f6hnlichen Aufenthalts, ihres Arbeitsplatzes<br \/>oder des Orts des mutma\u00dflichen Versto\u00dfes zu. Das Beschwerderecht besteht unbeschadet anderweitiger<br \/>verwaltungsrechtlicher oder gerichtlicher Rechtsbehelfe.<br \/><span style=\"text-decoration: underline;\">Recht auf Daten\u00fcbertragbarkeit<\/span><br \/>Sie haben das Recht, Daten, die wir auf Grundlage Ihrer Einwilligung oder in Erf\u00fcllung eines Vertrags<br \/>automatisiert verarbeiten, an sich oder an einen Dritten in einem g\u00e4ngigen, maschinenlesbaren Format<br \/>aush\u00e4ndigen zu lassen. Sofern Sie die direkte \u00dcbertragung der Daten an einen anderen Verantwortlichen<br \/>verlangen, erfolgt dies nur, soweit es technisch machbar ist.<br \/><span style=\"text-decoration: underline;\">SSL- bzw. TLS-Verschl\u00fcsselung<\/span><br \/>Diese Seite nutzt aus Sicherheitsgr\u00fcnden und zum Schutz der \u00dcbertragung vertraulicher Inhalte, wie zum<br \/>Beispiel Bestellungen oder Anfragen, die Sie an uns als Seitenbetreiber senden, eine SSL- bzw. TLSVerschl\u00fcsselung.<br \/>Eine verschl\u00fcsselte Verbindung erkennen Sie daran, dass die Adresszeile des Browsers von<br \/>\u201ehttp:\/\/\u201c auf \u201ehttps:\/\/\u201c wechselt und an dem Schloss-Symbol in Ihrer Browserzeile.<br \/>Wenn die SSL- bzw. TLS-Verschl\u00fcsselung aktiviert ist, k\u00f6nnen die Daten, die Sie an uns \u00fcbermitteln, nicht<br \/>von Dritten mitgelesen werden.<br \/><span style=\"text-decoration: underline;\">Auskunft, L\u00f6schung und Berichtigung<\/span><br \/>Sie haben im Rahmen der geltenden gesetzlichen Bestimmungen jederzeit das Recht auf unentgeltliche<br \/>Auskunft \u00fcber Ihre gespeicherten personenbezogenen Daten, deren Herkunft und Empf\u00e4nger und den<br \/>Zweck der Datenverarbeitung und ggf. ein Recht auf Berichtigung oder L\u00f6schung dieser Daten. Hierzu sowie<br \/>zu weiteren Fragen zum Thema personenbezogene Daten k\u00f6nnen Sie sich jederzeit unter der im Impressum<br \/>angegebenen Adresse an uns wenden.<br \/><span style=\"text-decoration: underline;\">Recht auf Einschr\u00e4nkung der Verarbeitung<\/span><br \/>Sie haben das Recht, die Einschr\u00e4nkung der Verarbeitung Ihrer personenbezogenen Daten zu verlangen.<br \/>Hierzu k\u00f6nnen Sie sich jederzeit unter der im Impressum angegebenen Adresse an uns wenden. Das Recht<br \/>auf Einschr\u00e4nkung der Verarbeitung besteht in folgenden F\u00e4llen:<br \/>Wenn Sie die Richtigkeit Ihrer bei uns gespeicherten personenbezogenen Daten bestreiten, ben\u00f6tigen wir<br \/>in der Regel Zeit, um dies zu \u00fcberpr\u00fcfen. F\u00fcr die Dauer der Pr\u00fcfung haben Sie das Recht, die Einschr\u00e4nkung der Verarbeitung Ihrer personenbezogenen Daten zu verlangen.<br \/>Wenn die Verarbeitung Ihrer personenbezogenen Daten unrechtm\u00e4\u00dfig geschah\/geschieht, k\u00f6nnen Sie<br \/>statt der L\u00f6schung die Einschr\u00e4nkung der Datenverarbeitung verlangen.<br \/>Wenn wir Ihre personenbezogenen Daten nicht mehr ben\u00f6tigen, Sie sie jedoch zur Aus\u00fcbung,<br \/>Verteidigung oder Geltendmachung von Rechtsanspr\u00fcchen ben\u00f6tigen, haben Sie das Recht, statt der<br \/>L\u00f6schung die Einschr\u00e4nkung der Verarbeitung Ihrer personenbezogenen Daten zu verlangen.<br \/>Wenn Sie einen Widerspruch nach Art. 21 Abs. 1 DSGVO eingelegt haben, muss eine Abw\u00e4gung zwischen<br \/>Ihren und unseren Interessen vorgenommen werden. Solange noch nicht feststeht, wessen Interessen<br \/>\u00fcberwiegen, haben Sie das Recht, die Einschr\u00e4nkung der Verarbeitung Ihrer personenbezogenen Daten<br \/>zu verlangen.<br \/>Wenn Sie die Verarbeitung Ihrer personenbezogenen Daten eingeschr\u00e4nkt haben, d\u00fcrfen diese Daten \u2013 von<br \/>ihrer Speicherung abgesehen \u2013 nur mit Ihrer Einwilligung oder zur Geltendmachung, Aus\u00fcbung oder<br \/>Verteidigung von Rechtsanspr\u00fcchen oder zum Schutz der Rechte einer anderen nat\u00fcrlichen oder<br \/>juristischen Person oder aus Gr\u00fcnden eines wichtigen \u00f6ffentlichen Interesses der Europ\u00e4ischen Union oder<br \/>eines Mitgliedstaats verarbeitet werden.<br \/><span style=\"text-decoration: underline;\">Widerspruch gegen Werbe-E-Mails<\/span><br \/>Der Nutzung von im Rahmen der Impressumspflicht ver\u00f6ffentlichten Kontaktdaten zur \u00dcbersendung von<br \/>nicht ausdr\u00fccklich angeforderter Werbung und Informationsmaterialien wird hiermit widersprochen. Die<br \/>Betreiber der Seiten behalten sich ausdr\u00fccklich rechtliche Schritte im Falle der unverlangten Zusendung von<br \/>Werbeinformationen, etwa durch Spam-E-Mails, vor.<br \/><span style=\"text-decoration: underline;\"><strong>4. Datenerfassung auf dieser Website<\/strong><\/span><br \/><span style=\"text-decoration: underline;\">Server-Log-Dateien<\/span><br \/>Der Provider der Seiten erhebt und speichert automatisch Informationen in so genannten Server-Log-<br \/>Dateien, die Ihr Browser automatisch an uns \u00fcbermittelt. Dies sind:<br \/>Browsertyp und Browserversion<br \/>verwendetes Betriebssystem<br \/>Referrer URL<br \/>Hostname des zugreifenden Rechners<br \/>Uhrzeit der Serveranfrage<br \/>IP-Adresse<br \/>Eine Zusammenf\u00fchrung dieser Daten mit anderen Datenquellen wird nicht vorgenommen.<br \/>Die Erfassung dieser Daten erfolgt auf Grundlage von Art. 6 Abs. 1 lit. f DSGVO. Der Websitebetreiber hat<br \/>ein berechtigtes Interesse an der technisch fehlerfreien Darstellung und der Optimierung seiner Website \u2013<br \/>hierzu m\u00fcssen die Server-Log-Files erfasst werden.<br \/><span style=\"text-decoration: underline;\">Kontaktformular<\/span><br \/>Wenn Sie uns per Kontaktformular Anfragen zukommen lassen, werden Ihre Angaben aus dem<br \/>Anfrageformular inklusive der von Ihnen dort angegebenen Kontaktdaten zwecks Bearbeitung der Anfrage<br \/>und f\u00fcr den Fall von Anschlussfragen bei uns gespeichert. Diese Daten geben wir nicht ohne Ihre<br \/>Einwilligung weiter.<br \/>Die Verarbeitung dieser Daten erfolgt auf Grundlage von Art. 6 Abs. 1 lit. b DSGVO, sofern Ihre Anfrage mit<br \/>der Erf\u00fcllung eines Vertrags zusammenh\u00e4ngt oder zur Durchf\u00fchrung vorvertraglicher Ma\u00dfnahmen<br \/>erforderlich ist. In allen \u00fcbrigen F\u00e4llen beruht die Verarbeitung auf unserem berechtigten Interesse an der<br \/>effektiven Bearbeitung der an uns gerichteten Anfragen (Art. 6 Abs. 1 lit. f DSGVO) oder auf Ihrer Einwilligung (Art. 6 Abs. 1 lit. a DSGVO) sofern diese abgefragt wurde.<br \/>Die von Ihnen im Kontaktformular eingegebenen Daten verbleiben bei uns, bis Sie uns zur L\u00f6schung<br \/>auffordern, Ihre Einwilligung zur Speicherung widerrufen oder der Zweck f\u00fcr die Datenspeicherung entf\u00e4llt<br \/>(z. B. nach abgeschlossener Bearbeitung Ihrer Anfrage). Zwingende gesetzliche Bestimmungen \u2013<br \/>insbesondere Aufbewahrungsfristen \u2013 bleiben unber\u00fchrt.<br \/><span style=\"text-decoration: underline;\">Anfrage per E-Mail, Telefon oder Telefax<\/span><br \/>Wenn Sie uns per E-Mail, Telefon oder Telefax kontaktieren, wird Ihre Anfrage inklusive aller daraus<br \/>hervorgehenden personenbezogenen Daten (Name, Anfrage) zum Zwecke der Bearbeitung Ihres Anliegens<br \/>bei uns gespeichert und verarbeitet. Diese Daten geben wir nicht ohne Ihre Einwilligung weiter.<br \/>Die Verarbeitung dieser Daten erfolgt auf Grundlage von Art. 6 Abs. 1 lit. b DSGVO, sofern Ihre Anfrage mit<br \/>der Erf\u00fcllung eines Vertrags zusammenh\u00e4ngt oder zur Durchf\u00fchrung vorvertraglicher Ma\u00dfnahmen<br \/>erforderlich ist. In allen \u00fcbrigen F\u00e4llen beruht die Verarbeitung auf Ihrer Einwilligung (Art. 6 Abs. 1 lit. a<br \/>DSGVO) und\/oder auf unseren berechtigten Interessen (Art. 6 Abs. 1 lit. f DSGVO), da wir ein berechtigtes<br \/>Interesse an der effektiven Bearbeitung der an uns gerichteten Anfragen haben.<br \/>Die von Ihnen an uns per Kontaktanfragen \u00fcbersandten Daten verbleiben bei uns, bis Sie uns zur L\u00f6schung<br \/>auffordern, Ihre Einwilligung zur Speicherung widerrufen oder der Zweck f\u00fcr die Datenspeicherung entf\u00e4llt<br \/>(z. B. nach abgeschlossener Bearbeitung Ihres Anliegens). Zwingende gesetzliche Bestimmungen \u2013<br \/>insbesondere gesetzliche Aufbewahrungsfristen \u2013 bleiben unber\u00fchrt.<br \/><span style=\"text-decoration: underline;\">Kommentarfunktion auf dieser Website<\/span><br \/>F\u00fcr die Kommentarfunktion auf dieser Seite werden neben Ihrem Kommentar auch Angaben zum Zeitpunkt<br \/>der Erstellung des Kommentars, Ihre E-Mail-Adresse und, wenn Sie nicht anonym posten, der von Ihnen<br \/>gew\u00e4hlte Nutzername gespeichert.<br \/><span style=\"text-decoration: underline;\">Abonnieren von Kommentaren<\/span><br \/>Als Nutzer der Seite k\u00f6nnen Sie nach einer Anmeldung Kommentare abonnieren. Sie erhalten eine<br \/>Best\u00e4tigungsemail, um zu pr\u00fcfen, ob Sie der Inhaber der angegebenen E-Mail-Adresse sind. Sie k\u00f6nnen diese<br \/>Funktion jederzeit \u00fcber einen Link in den Info-Mails abbestellen. Die im Rahmen des Abonnierens von<br \/>Kommentaren eingegebenen Daten werden in diesem Fall gel\u00f6scht; wenn Sie diese Daten f\u00fcr andere<br \/>Zwecke und an anderer Stelle (z. B. Newsletterbestellung) an uns \u00fcbermittelt haben, verbleiben die jedoch<br \/>bei uns.<br \/><span style=\"text-decoration: underline;\">Speicherdauer der Kommentare<\/span><br \/>Die Kommentare und die damit verbundenen Daten (z. B. IP-Adresse) werden gespeichert und verbleiben<br \/>auf dieser Website, bis der kommentierte Inhalt vollst\u00e4ndig gel\u00f6scht wurde oder die Kommentare aus<br \/>rechtlichen Gr\u00fcnden gel\u00f6scht werden m\u00fcssen (z. B. beleidigende Kommentare).<br \/><span style=\"text-decoration: underline;\">Rechtsgrundlage<\/span><br \/>Die Speicherung der Kommentare erfolgt auf Grundlage Ihrer Einwilligung (Art. 6 Abs. 1 lit. a DSGVO). Sie<br \/>k\u00f6nnen eine von Ihnen erteilte Einwilligung jederzeit widerrufen. Dazu reicht eine formlose Mitteilung per EMail<br \/>an uns. Die Rechtm\u00e4\u00dfigkeit der bereits erfolgten Datenverarbeitungsvorg\u00e4nge bleibt vom Widerruf<br \/>unber\u00fchrt.<br \/><span style=\"text-decoration: underline;\"><strong>5. Soziale Medien<\/strong><\/span><br \/><span style=\"text-decoration: underline;\">Instagram Plugin<\/span><br \/>Auf dieser Website sind Funktionen des Dienstes Instagram eingebunden. Diese Funktionen werden<br \/>angeboten durch die Instagram Inc., 1601 Willow Road, Menlo Park, CA 94025, USA integriert.<br \/>Wenn Sie in Ihrem Instagram-Account eingeloggt sind, k\u00f6nnen Sie durch Anklicken des Instagram-Buttons<br \/>die Inhalte dieser Website mit Ihrem Instagram-Profil verlinken. Dadurch kann Instagram den Besuch dieser<br \/>Website Ihrem Benutzerkonto zuordnen. Wir weisen darauf hin, dass wir als Anbieter der Seiten keine<br \/>Kenntnis vom Inhalt der \u00fcbermittelten Daten sowie deren Nutzung durch Instagram erhalten.<br \/>Die Verwendung des Instagram-Plugins erfolgt auf Grundlage von Art. 6 Abs. 1 lit. f DSGVO. Der<br \/>Websitebetreiber hat ein berechtigtes Interesse an einer m\u00f6glichst umfangreichen Sichtbarkeit in den<br \/>Sozialen Medien.<br \/>Weitere Informationen hierzu finden Sie in der Datenschutzerkl\u00e4rung von Instagram:<br \/>https:\/\/instagram.com\/about\/legal\/privacy\/.<br \/><span style=\"text-decoration: underline;\"><strong>6. Newsletter<\/strong><\/span><br \/><span style=\"text-decoration: underline;\">Newsletterdaten<\/span><br \/>Wenn Sie den auf der Website angebotenen Newsletter beziehen m\u00f6chten, ben\u00f6tigen wir von Ihnen eine EMail-<br \/>Adresse sowie Informationen, welche uns die \u00dcberpr\u00fcfung gestatten, dass Sie der Inhaber der<br \/>angegebenen E-Mail-Adresse sind und mit dem Empfang des Newsletters einverstanden sind. Weitere<br \/>Daten werden nicht bzw. nur auf freiwilliger Basis erhoben. Diese Daten verwenden wir ausschlie\u00dflich f\u00fcr<br \/>den Versand der angeforderten Informationen und geben diese nicht an Dritte weiter.<br \/>Die Verarbeitung der in das Newsletteranmeldeformular eingegebenen Daten erfolgt ausschlie\u00dflich auf<br \/>Grundlage Ihrer Einwilligung (Art. 6 Abs. 1 lit. a DSGVO). Die erteilte Einwilligung zur Speicherung der<br \/>Daten, der E-Mail-Adresse sowie deren Nutzung zum Versand des Newsletters k\u00f6nnen Sie jederzeit<br \/>widerrufen, etwa \u00fcber den \u201eAustragen\u201c-Link im Newsletter. Die Rechtm\u00e4\u00dfigkeit der bereits erfolgten<br \/>Datenverarbeitungsvorg\u00e4nge bleibt vom Widerruf unber\u00fchrt.<br \/>Die von Ihnen zum Zwecke des Newsletter-Bezugs bei uns hinterlegten Daten werden von uns bis zu Ihrer<br \/>Austragung aus dem Newsletter bei uns bzw. dem Newsletterdiensteanbieter gespeichert und nach der<br \/>Abbestellung des Newsletters aus der Newsletterverteilerliste gel\u00f6scht. Daten, die zu anderen Zwecken bei<br \/>uns gespeichert wurden bleiben hiervon unber\u00fchrt.<br \/>Nach Ihrer Austragung aus der Newsletterverteilerliste wird Ihre E-Mail-Adresse bei uns bzw. dem<br \/>Newsletterdiensteanbieter ggf. in einer Blacklist gespeichert, um k\u00fcnftige Mailings zu verhindern. Die Daten<br \/>aus der Blacklist werden nur f\u00fcr diesen Zweck verwendet und nicht mit anderen Daten zusammengef\u00fchrt.<br \/>Dies dient sowohl Ihrem Interesse als auch unserem Interesse an der Einhaltung der gesetzlichen Vorgaben<br \/>beim Versand von Newslettern (berechtigtes Interesse im Sinne des Art. 6 Abs. 1 lit. f DSGVO). Die<br \/>Speicherung in der Blacklist ist zeitlich nicht befristet. Sie k\u00f6nnen der Speicherung widersprechen, sofern<br \/>Ihre Interessen unser berechtigtes Interesse \u00fcberwiegen.<\/p><p>Quelle: https:\/\/www.e-recht24.de\/muster-datenschutzerklaerung.html<\/p>\t\t\t\t\t\t\t\t<\/div>\n\t\t\t\t<\/div>\n\t\t\t\t\t<\/div>\n\t\t<\/div>\n\t\t\t\t\t<\/div>\n\t\t<\/section>\n\t\t\t\t<\/div>\n\t\t","protected":false},"excerpt":{"rendered":"<p>1. Datenschutz auf einen BlickAllgemeine HinweiseDie folgenden Hinweise geben einen einfachen \u00dcberblick dar\u00fcber, was mit Ihren personenbezogenen Datenpassiert, wenn Sie diese Website besuchen. Personenbezogene Daten sind alle Daten, mit denen Siepers\u00f6nlich identifiziert werden k\u00f6nnen. Ausf\u00fchrliche Informationen zum Thema Datenschutz entnehmenSie unserer unter diesem Text aufgef\u00fchrten Datenschutzerkl\u00e4rung.Datenerfassung auf dieser WebsiteWer ist verantwortlich f\u00fcr die Datenerfassung auf [&hellip;]<\/p>\n","protected":false},"author":1,"featured_media":0,"parent":0,"menu_order":0,"comment_status":"closed","ping_status":"closed","template":"","meta":{"ocean_post_layout":"","ocean_both_sidebars_style":"","ocean_both_sidebars_content_width":0,"ocean_both_sidebars_sidebars_width":0,"ocean_sidebar":"0","ocean_second_sidebar":"0","ocean_disable_margins":"enable","ocean_add_body_class":"","ocean_shortcode_before_top_bar":"","ocean_shortcode_after_top_bar":"","ocean_shortcode_before_header":"","ocean_shortcode_after_header":"","ocean_has_shortcode":"","ocean_shortcode_after_title":"","ocean_shortcode_before_footer_widgets":"","ocean_shortcode_after_footer_widgets":"","ocean_shortcode_before_footer_bottom":"","ocean_shortcode_after_footer_bottom":"","ocean_display_top_bar":"default","ocean_display_header":"default","ocean_header_style":"","ocean_center_header_left_menu":"0","ocean_custom_header_template":"0","ocean_custom_logo":0,"ocean_custom_retina_logo":0,"ocean_custom_logo_max_width":0,"ocean_custom_logo_tablet_max_width":0,"ocean_custom_logo_mobile_max_width":0,"ocean_custom_logo_max_height":0,"ocean_custom_logo_tablet_max_height":0,"ocean_custom_logo_mobile_max_height":0,"ocean_header_custom_menu":"0","ocean_menu_typo_font_family":"0","ocean_menu_typo_font_subset":"","ocean_menu_typo_font_size":0,"ocean_menu_typo_font_size_tablet":0,"ocean_menu_typo_font_size_mobile":0,"ocean_menu_typo_font_size_unit":"px","ocean_menu_typo_font_weight":"","ocean_menu_typo_font_weight_tablet":"","ocean_menu_typo_font_weight_mobile":"","ocean_menu_typo_transform":"","ocean_menu_typo_transform_tablet":"","ocean_menu_typo_transform_mobile":"","ocean_menu_typo_line_height":0,"ocean_menu_typo_line_height_tablet":0,"ocean_menu_typo_line_height_mobile":0,"ocean_menu_typo_line_height_unit":"","ocean_menu_typo_spacing":0,"ocean_menu_typo_spacing_tablet":0,"ocean_menu_typo_spacing_mobile":0,"ocean_menu_typo_spacing_unit":"","ocean_menu_link_color":"","ocean_menu_link_color_hover":"","ocean_menu_link_color_active":"","ocean_menu_link_background":"","ocean_menu_link_hover_background":"","ocean_menu_link_active_background":"","ocean_menu_social_links_bg":"","ocean_menu_social_hover_links_bg":"","ocean_menu_social_links_color":"","ocean_menu_social_hover_links_color":"","ocean_disable_title":"default","ocean_disable_heading":"default","ocean_post_title":"","ocean_post_subheading":"","ocean_post_title_style":"","ocean_post_title_background_color":"","ocean_post_title_background":0,"ocean_post_title_bg_image_position":"","ocean_post_title_bg_image_attachment":"","ocean_post_title_bg_image_repeat":"","ocean_post_title_bg_image_size":"","ocean_post_title_height":0,"ocean_post_title_bg_overlay":0.5,"ocean_post_title_bg_overlay_color":"","ocean_disable_breadcrumbs":"default","ocean_breadcrumbs_color":"","ocean_breadcrumbs_separator_color":"","ocean_breadcrumbs_links_color":"","ocean_breadcrumbs_links_hover_color":"","ocean_display_footer_widgets":"default","ocean_display_footer_bottom":"default","ocean_custom_footer_template":"0","footnotes":""},"class_list":["post-5","page","type-page","status-publish","hentry","entry"],"_links":{"self":[{"href":"https:\/\/farbengl\u00fcck.de\/index.php?rest_route=\/wp\/v2\/pages\/5","targetHints":{"allow":["GET"]}}],"collection":[{"href":"https:\/\/farbengl\u00fcck.de\/index.php?rest_route=\/wp\/v2\/pages"}],"about":[{"href":"https:\/\/farbengl\u00fcck.de\/index.php?rest_route=\/wp\/v2\/types\/page"}],"author":[{"embeddable":true,"href":"https:\/\/farbengl\u00fcck.de\/index.php?rest_route=\/wp\/v2\/users\/1"}],"replies":[{"embeddable":true,"href":"https:\/\/farbengl\u00fcck.de\/index.php?rest_route=%2Fwp%2Fv2%2Fcomments&post=5"}],"version-history":[{"count":4,"href":"https:\/\/farbengl\u00fcck.de\/index.php?rest_route=\/wp\/v2\/pages\/5\/revisions"}],"predecessor-version":[{"id":370,"href":"https:\/\/farbengl\u00fcck.de\/index.php?rest_route=\/wp\/v2\/pages\/5\/revisions\/370"}],"wp:attachment":[{"href":"https:\/\/farbengl\u00fcck.de\/index.php?rest_route=%2Fwp%2Fv2%2Fmedia&parent=5"}],"curies":[{"name":"wp","href":"https:\/\/api.w.org\/{rel}","templated":true}]}}