{"id":46,"date":"2019-09-18T23:01:59","date_gmt":"2019-09-18T21:01:59","guid":{"rendered":"http:\/\/farbengl\u00fcck.de\/?page_id=46"},"modified":"2025-10-30T23:07:57","modified_gmt":"2025-10-30T21:07:57","slug":"ueber-mich","status":"publish","type":"page","link":"https:\/\/farbengl\u00fcck.de\/?page_id=46","title":{"rendered":"\u00dcber mich"},"content":{"rendered":"\t\t<div data-elementor-type=\"wp-page\" data-elementor-id=\"46\" class=\"elementor elementor-46\">\n\t\t\t\t\t\t<section class=\"elementor-section elementor-top-section elementor-element elementor-element-9cd4ba6 elementor-section-boxed elementor-section-height-default elementor-section-height-default\" data-id=\"9cd4ba6\" data-element_type=\"section\" data-e-type=\"section\">\n\t\t\t\t\t\t<div class=\"elementor-container elementor-column-gap-default\">\n\t\t\t\t\t<div class=\"elementor-column elementor-col-100 elementor-top-column elementor-element elementor-element-e59eb6d\" data-id=\"e59eb6d\" data-element_type=\"column\" data-e-type=\"column\">\n\t\t\t<div class=\"elementor-widget-wrap elementor-element-populated\">\n\t\t\t\t\t\t<section class=\"elementor-section elementor-inner-section elementor-element elementor-element-328c495 elementor-section-boxed elementor-section-height-default elementor-section-height-default\" data-id=\"328c495\" data-element_type=\"section\" data-e-type=\"section\">\n\t\t\t\t\t\t<div class=\"elementor-container elementor-column-gap-default\">\n\t\t\t\t\t<div class=\"elementor-column elementor-col-50 elementor-inner-column elementor-element elementor-element-cf20049\" data-id=\"cf20049\" data-element_type=\"column\" data-e-type=\"column\">\n\t\t\t<div class=\"elementor-widget-wrap elementor-element-populated\">\n\t\t\t\t\t\t<div class=\"elementor-element elementor-element-ded026d elementor-widget elementor-widget-image\" data-id=\"ded026d\" data-element_type=\"widget\" data-e-type=\"widget\" data-widget_type=\"image.default\">\n\t\t\t\t<div class=\"elementor-widget-container\">\n\t\t\t\t\t\t\t\t\t\t\t\t\t\t\t<img fetchpriority=\"high\" decoding=\"async\" width=\"768\" height=\"1152\" src=\"https:\/\/farbengl\u00fcck.de\/wp-content\/uploads\/2025\/09\/A7408728-768x1152.jpg\" class=\"attachment-medium_large size-medium_large wp-image-4436\" alt=\"\" srcset=\"https:\/\/farbengl\u00fcck.de\/wp-content\/uploads\/2025\/09\/A7408728-768x1152.jpg 768w, https:\/\/farbengl\u00fcck.de\/wp-content\/uploads\/2025\/09\/A7408728-200x300.jpg 200w, https:\/\/farbengl\u00fcck.de\/wp-content\/uploads\/2025\/09\/A7408728-683x1024.jpg 683w, https:\/\/farbengl\u00fcck.de\/wp-content\/uploads\/2025\/09\/A7408728-1024x1536.jpg 1024w, https:\/\/farbengl\u00fcck.de\/wp-content\/uploads\/2025\/09\/A7408728-1365x2048.jpg 1365w, https:\/\/farbengl\u00fcck.de\/wp-content\/uploads\/2025\/09\/A7408728-scaled.jpg 1707w\" sizes=\"(max-width: 768px) 100vw, 768px\" \/>\t\t\t\t\t\t\t\t\t\t\t\t\t\t\t<\/div>\n\t\t\t\t<\/div>\n\t\t\t\t\t<\/div>\n\t\t<\/div>\n\t\t\t\t<div class=\"elementor-column elementor-col-50 elementor-inner-column elementor-element elementor-element-d05ec80\" data-id=\"d05ec80\" data-element_type=\"column\" data-e-type=\"column\">\n\t\t\t<div class=\"elementor-widget-wrap elementor-element-populated\">\n\t\t\t\t\t\t<div class=\"elementor-element elementor-element-c3431a9 elementor-widget elementor-widget-text-editor\" data-id=\"c3431a9\" data-element_type=\"widget\" data-e-type=\"widget\" data-widget_type=\"text-editor.default\">\n\t\t\t\t<div class=\"elementor-widget-container\">\n\t\t\t\t\t\t\t\t\t<h1>Das bin ich<\/h1><p>Ein farbengl\u00fcckliches Hallo,<\/p><p>sch\u00f6n, dass du da bist!<\/p><p>Ich bin Daniela und liebe besonders <strong>KUNST<\/strong> in allen Farben und Variationen, Schule und Kinder. Deshalb war mir schon sehr fr\u00fch klar, dass ich <strong>Kunstp\u00e4dagogik auf Lehramt<\/strong> studieren werde.<\/p>\t\t\t\t\t\t\t\t<\/div>\n\t\t\t\t<\/div>\n\t\t\t\t\t<\/div>\n\t\t<\/div>\n\t\t\t\t\t<\/div>\n\t\t<\/section>\n\t\t\t\t\t<\/div>\n\t\t<\/div>\n\t\t\t\t\t<\/div>\n\t\t<\/section>\n\t\t\t\t<section class=\"elementor-section elementor-top-section elementor-element elementor-element-57f0bae elementor-section-boxed elementor-section-height-default elementor-section-height-default\" data-id=\"57f0bae\" data-element_type=\"section\" data-e-type=\"section\">\n\t\t\t\t\t\t<div class=\"elementor-container elementor-column-gap-default\">\n\t\t\t\t\t<div class=\"elementor-column elementor-col-100 elementor-top-column elementor-element elementor-element-6474cb2\" data-id=\"6474cb2\" data-element_type=\"column\" data-e-type=\"column\">\n\t\t\t<div class=\"elementor-widget-wrap elementor-element-populated\">\n\t\t\t\t\t\t<section class=\"elementor-section elementor-inner-section elementor-element elementor-element-a14ef28 elementor-section-boxed elementor-section-height-default elementor-section-height-default\" data-id=\"a14ef28\" data-element_type=\"section\" data-e-type=\"section\">\n\t\t\t\t\t\t<div class=\"elementor-container elementor-column-gap-default\">\n\t\t\t\t\t<div class=\"elementor-column elementor-col-50 elementor-inner-column elementor-element elementor-element-852f833\" data-id=\"852f833\" data-element_type=\"column\" data-e-type=\"column\">\n\t\t\t<div class=\"elementor-widget-wrap elementor-element-populated\">\n\t\t\t\t\t\t<div class=\"elementor-element elementor-element-69d4f38 elementor-widget elementor-widget-text-editor\" data-id=\"69d4f38\" data-element_type=\"widget\" data-e-type=\"widget\" data-widget_type=\"text-editor.default\">\n\t\t\t\t<div class=\"elementor-widget-container\">\n\t\t\t\t\t\t\t\t\t<p>In den letzten Jahren arbeitete ich an verschiedenen Schulen in Berlin, Hessen und Niedersachsen und unterrichtete insbesondere <strong>KUNST<\/strong> in allen Teilbereichen und verschiedenen Klassenstufen. Ich liebe Kunst in ihrer Vielfalt zu unterrichten.<\/p>\n<p>Nach mehreren Erkrankungen half mir selbst Kunst als Heilmittel. Daraus ergaben sich weitere wertvolle Zusatzqualifikationen:<\/p>\n<p><strong>Ich bin Malbegleiterin im Ausdrucksmalen und seit M\u00e4rz 2023&nbsp; zertifizierte Malraump\u00e4dagogin.<\/strong><\/p>\n<p>Neben meiner Lehrt\u00e4tigkeit in der Grundschule bin ich regionale Fachberaterin f\u00fcr Kunst und leite &#8220;Farbengl\u00fcck&#8221;-Malworkshops f\u00fcr jedermann und gebe Maleinheiten f\u00fcr erkrankte Kinder und Erwachsene.<\/p>\t\t\t\t\t\t\t\t<\/div>\n\t\t\t\t<\/div>\n\t\t\t\t\t<\/div>\n\t\t<\/div>\n\t\t\t\t<div class=\"elementor-column elementor-col-50 elementor-inner-column elementor-element elementor-element-2e217c2\" data-id=\"2e217c2\" data-element_type=\"column\" data-e-type=\"column\">\n\t\t\t<div class=\"elementor-widget-wrap elementor-element-populated\">\n\t\t\t\t\t\t<div class=\"elementor-element elementor-element-0e783b7 elementor-widget elementor-widget-image\" data-id=\"0e783b7\" data-element_type=\"widget\" data-e-type=\"widget\" data-widget_type=\"image.default\">\n\t\t\t\t<div class=\"elementor-widget-container\">\n\t\t\t\t\t\t\t\t\t\t\t\t\t\t\t<img decoding=\"async\" width=\"1024\" height=\"1024\" src=\"https:\/\/farbengl\u00fcck.de\/wp-content\/uploads\/2024\/08\/GridArt_20240808_221033595-1024x1024.jpg\" class=\"attachment-large size-large wp-image-3503\" alt=\"\" srcset=\"https:\/\/farbengl\u00fcck.de\/wp-content\/uploads\/2024\/08\/GridArt_20240808_221033595-1024x1024.jpg 1024w, https:\/\/farbengl\u00fcck.de\/wp-content\/uploads\/2024\/08\/GridArt_20240808_221033595-300x300.jpg 300w, https:\/\/farbengl\u00fcck.de\/wp-content\/uploads\/2024\/08\/GridArt_20240808_221033595-150x150.jpg 150w, https:\/\/farbengl\u00fcck.de\/wp-content\/uploads\/2024\/08\/GridArt_20240808_221033595-768x768.jpg 768w, https:\/\/farbengl\u00fcck.de\/wp-content\/uploads\/2024\/08\/GridArt_20240808_221033595-1536x1536.jpg 1536w, https:\/\/farbengl\u00fcck.de\/wp-content\/uploads\/2024\/08\/GridArt_20240808_221033595-2048x2048.jpg 2048w, https:\/\/farbengl\u00fcck.de\/wp-content\/uploads\/2024\/08\/GridArt_20240808_221033595-600x600.jpg 600w\" sizes=\"(max-width: 1024px) 100vw, 1024px\" \/>\t\t\t\t\t\t\t\t\t\t\t\t\t\t\t<\/div>\n\t\t\t\t<\/div>\n\t\t\t\t\t<\/div>\n\t\t<\/div>\n\t\t\t\t\t<\/div>\n\t\t<\/section>\n\t\t\t\t\t<\/div>\n\t\t<\/div>\n\t\t\t\t\t<\/div>\n\t\t<\/section>\n\t\t\t\t<section class=\"elementor-section elementor-top-section elementor-element elementor-element-f1f14de elementor-section-boxed elementor-section-height-default elementor-section-height-default\" data-id=\"f1f14de\" data-element_type=\"section\" data-e-type=\"section\">\n\t\t\t\t\t\t<div class=\"elementor-container elementor-column-gap-default\">\n\t\t\t\t\t<div class=\"elementor-column elementor-col-100 elementor-top-column elementor-element elementor-element-a797796\" data-id=\"a797796\" data-element_type=\"column\" data-e-type=\"column\">\n\t\t\t<div class=\"elementor-widget-wrap elementor-element-populated\">\n\t\t\t\t\t\t<section class=\"elementor-section elementor-inner-section elementor-element elementor-element-8759b25 elementor-section-boxed elementor-section-height-default elementor-section-height-default\" data-id=\"8759b25\" data-element_type=\"section\" data-e-type=\"section\">\n\t\t\t\t\t\t<div class=\"elementor-container elementor-column-gap-default\">\n\t\t\t\t\t<div class=\"elementor-column elementor-col-50 elementor-inner-column elementor-element elementor-element-20a9c2d\" data-id=\"20a9c2d\" data-element_type=\"column\" data-e-type=\"column\">\n\t\t\t<div class=\"elementor-widget-wrap elementor-element-populated\">\n\t\t\t\t\t\t<div class=\"elementor-element elementor-element-bd16e59 elementor-widget elementor-widget-image\" data-id=\"bd16e59\" data-element_type=\"widget\" data-e-type=\"widget\" data-widget_type=\"image.default\">\n\t\t\t\t<div class=\"elementor-widget-container\">\n\t\t\t\t\t\t\t\t\t\t\t\t\t\t\t<img decoding=\"async\" width=\"1536\" height=\"1024\" src=\"https:\/\/farbengl\u00fcck.de\/wp-content\/uploads\/2024\/09\/5W0A2936_a-1536x1024.jpg\" class=\"attachment-1536x1536 size-1536x1536 wp-image-3614\" alt=\"\" srcset=\"https:\/\/farbengl\u00fcck.de\/wp-content\/uploads\/2024\/09\/5W0A2936_a-1536x1024.jpg 1536w, https:\/\/farbengl\u00fcck.de\/wp-content\/uploads\/2024\/09\/5W0A2936_a-300x200.jpg 300w, https:\/\/farbengl\u00fcck.de\/wp-content\/uploads\/2024\/09\/5W0A2936_a-1024x683.jpg 1024w, https:\/\/farbengl\u00fcck.de\/wp-content\/uploads\/2024\/09\/5W0A2936_a-768x512.jpg 768w, https:\/\/farbengl\u00fcck.de\/wp-content\/uploads\/2024\/09\/5W0A2936_a-2048x1365.jpg 2048w\" sizes=\"(max-width: 1536px) 100vw, 1536px\" \/>\t\t\t\t\t\t\t\t\t\t\t\t\t\t\t<\/div>\n\t\t\t\t<\/div>\n\t\t\t\t\t<\/div>\n\t\t<\/div>\n\t\t\t\t<div class=\"elementor-column elementor-col-50 elementor-inner-column elementor-element elementor-element-36704bc\" data-id=\"36704bc\" data-element_type=\"column\" data-e-type=\"column\">\n\t\t\t<div class=\"elementor-widget-wrap elementor-element-populated\">\n\t\t\t\t\t\t<div class=\"elementor-element elementor-element-aa6e360 elementor-widget elementor-widget-text-editor\" data-id=\"aa6e360\" data-element_type=\"widget\" data-e-type=\"widget\" data-widget_type=\"text-editor.default\">\n\t\t\t\t<div class=\"elementor-widget-container\">\n\t\t\t\t\t\t\t\t\t<p>Ich freue mich, euch an meiner Malpalette mit allen Farben begr\u00fc\u00dfen zu d\u00fcrfen! Malen nach Lust und Laune ohne Bewertung einfach sehen, f\u00fchlen, malen oder ganz klar nach Anleitung zum vorgegebenen Motiv! Alles ist m\u00f6glich!<\/p><p><strong>Gerne plane ich auch kreative Kindergeburtstage und Freundinnenzeit.<\/strong><\/p><h1>Gl\u00fccklich und kreativ steht jedem!<\/h1>\t\t\t\t\t\t\t\t<\/div>\n\t\t\t\t<\/div>\n\t\t\t\t\t<\/div>\n\t\t<\/div>\n\t\t\t\t\t<\/div>\n\t\t<\/section>\n\t\t\t\t\t<\/div>\n\t\t<\/div>\n\t\t\t\t\t<\/div>\n\t\t<\/section>\n\t\t\t\t<\/div>\n\t\t","protected":false},"excerpt":{"rendered":"<p>Das bin ich Ein farbengl\u00fcckliches Hallo, sch\u00f6n, dass du da bist! Ich bin Daniela und liebe besonders KUNST in allen Farben und Variationen, Schule und Kinder. Deshalb war mir schon sehr fr\u00fch klar, dass ich Kunstp\u00e4dagogik auf Lehramt studieren werde. In den letzten Jahren arbeitete ich an verschiedenen Schulen in Berlin, Hessen und Niedersachsen und [&hellip;]<\/p>\n","protected":false},"author":1,"featured_media":0,"parent":0,"menu_order":2,"comment_status":"closed","ping_status":"closed","template":"","meta":{"ocean_post_layout":"","ocean_both_sidebars_style":"","ocean_both_sidebars_content_width":0,"ocean_both_sidebars_sidebars_width":0,"ocean_sidebar":"0","ocean_second_sidebar":"0","ocean_disable_margins":"enable","ocean_add_body_class":"","ocean_shortcode_before_top_bar":"","ocean_shortcode_after_top_bar":"","ocean_shortcode_before_header":"","ocean_shortcode_after_header":"","ocean_has_shortcode":"","ocean_shortcode_after_title":"","ocean_shortcode_before_footer_widgets":"","ocean_shortcode_after_footer_widgets":"","ocean_shortcode_before_footer_bottom":"","ocean_shortcode_after_footer_bottom":"","ocean_display_top_bar":"default","ocean_display_header":"default","ocean_header_style":"","ocean_center_header_left_menu":"0","ocean_custom_header_template":"0","ocean_custom_logo":0,"ocean_custom_retina_logo":0,"ocean_custom_logo_max_width":0,"ocean_custom_logo_tablet_max_width":0,"ocean_custom_logo_mobile_max_width":0,"ocean_custom_logo_max_height":0,"ocean_custom_logo_tablet_max_height":0,"ocean_custom_logo_mobile_max_height":0,"ocean_header_custom_menu":"0","ocean_menu_typo_font_family":"0","ocean_menu_typo_font_subset":"","ocean_menu_typo_font_size":0,"ocean_menu_typo_font_size_tablet":0,"ocean_menu_typo_font_size_mobile":0,"ocean_menu_typo_font_size_unit":"px","ocean_menu_typo_font_weight":"","ocean_menu_typo_font_weight_tablet":"","ocean_menu_typo_font_weight_mobile":"","ocean_menu_typo_transform":"","ocean_menu_typo_transform_tablet":"","ocean_menu_typo_transform_mobile":"","ocean_menu_typo_line_height":0,"ocean_menu_typo_line_height_tablet":0,"ocean_menu_typo_line_height_mobile":0,"ocean_menu_typo_line_height_unit":"","ocean_menu_typo_spacing":0,"ocean_menu_typo_spacing_tablet":0,"ocean_menu_typo_spacing_mobile":0,"ocean_menu_typo_spacing_unit":"","ocean_menu_link_color":"","ocean_menu_link_color_hover":"","ocean_menu_link_color_active":"","ocean_menu_link_background":"","ocean_menu_link_hover_background":"","ocean_menu_link_active_background":"","ocean_menu_social_links_bg":"","ocean_menu_social_hover_links_bg":"","ocean_menu_social_links_color":"","ocean_menu_social_hover_links_color":"","ocean_disable_title":"default","ocean_disable_heading":"default","ocean_post_title":"","ocean_post_subheading":"","ocean_post_title_style":"","ocean_post_title_background_color":"","ocean_post_title_background":0,"ocean_post_title_bg_image_position":"","ocean_post_title_bg_image_attachment":"","ocean_post_title_bg_image_repeat":"","ocean_post_title_bg_image_size":"","ocean_post_title_height":0,"ocean_post_title_bg_overlay":0.5,"ocean_post_title_bg_overlay_color":"","ocean_disable_breadcrumbs":"default","ocean_breadcrumbs_color":"","ocean_breadcrumbs_separator_color":"","ocean_breadcrumbs_links_color":"","ocean_breadcrumbs_links_hover_color":"","ocean_display_footer_widgets":"default","ocean_display_footer_bottom":"default","ocean_custom_footer_template":"0","footnotes":""},"class_list":["post-46","page","type-page","status-publish","hentry","entry"],"_links":{"self":[{"href":"https:\/\/farbengl\u00fcck.de\/index.php?rest_route=\/wp\/v2\/pages\/46","targetHints":{"allow":["GET"]}}],"collection":[{"href":"https:\/\/farbengl\u00fcck.de\/index.php?rest_route=\/wp\/v2\/pages"}],"about":[{"href":"https:\/\/farbengl\u00fcck.de\/index.php?rest_route=\/wp\/v2\/types\/page"}],"author":[{"embeddable":true,"href":"https:\/\/farbengl\u00fcck.de\/index.php?rest_route=\/wp\/v2\/users\/1"}],"replies":[{"embeddable":true,"href":"https:\/\/farbengl\u00fcck.de\/index.php?rest_route=%2Fwp%2Fv2%2Fcomments&post=46"}],"version-history":[{"count":40,"href":"https:\/\/farbengl\u00fcck.de\/index.php?rest_route=\/wp\/v2\/pages\/46\/revisions"}],"predecessor-version":[{"id":4514,"href":"https:\/\/farbengl\u00fcck.de\/index.php?rest_route=\/wp\/v2\/pages\/46\/revisions\/4514"}],"wp:attachment":[{"href":"https:\/\/farbengl\u00fcck.de\/index.php?rest_route=%2Fwp%2Fv2%2Fmedia&parent=46"}],"curies":[{"name":"wp","href":"https:\/\/api.w.org\/{rel}","templated":true}]}}